{"id":100,"date":"2014-03-16T21:33:08","date_gmt":"2014-03-16T20:33:08","guid":{"rendered":"http:\/\/www.vojenice.cz\/?page_id=100"},"modified":"2014-03-16T21:33:08","modified_gmt":"2014-03-16T20:33:08","slug":"kontakty","status":"publish","type":"page","link":"https:\/\/www.vojenice.cz\/?page_id=100","title":{"rendered":"Kontakty"},"content":{"rendered":"<p>Vojenice pat\u0159\u00ed pod st\u0159ediskovou obec <a href=\"http:\/\/obec-voderady.cz\/voderady.php?show=organizace\" target=\"_blank\">Vod\u011brady<\/a>, kde se m\u016f\u017eete obr\u00e1tit na starostu obce.<\/p>\n<p>Pokud se chcete zeptat na cokoli ohledn\u011b Vojenic, napi\u0161te mi: filip.helan@seznam.cz.<\/p>\n<p>Jestli m\u00e1te dotaz ohledn\u011b rozhledny Osi\u010dina, kontakty jsou <a href=\"http:\/\/www.osicina.cz\/index_5.htm\" target=\"_blank\">zde<\/a>.<\/p>\n","protected":false},"excerpt":{"rendered":"<p>Vojenice pat\u0159\u00ed pod st\u0159ediskovou obec Vod\u011brady, kde se m\u016f\u017eete obr\u00e1tit na starostu obce. Pokud se chcete zeptat na cokoli ohledn\u011b Vojenic, napi\u0161te mi: filip.helan@seznam.cz. Jestli m\u00e1te dotaz ohledn\u011b rozhledny Osi\u010dina, kontakty jsou zde.<\/p>\n","protected":false},"author":1,"featured_media":0,"parent":0,"menu_order":6,"comment_status":"closed","ping_status":"open","template":"","meta":[],"_links":{"self":[{"href":"https:\/\/www.vojenice.cz\/index.php?rest_route=\/wp\/v2\/pages\/100"}],"collection":[{"href":"https:\/\/www.vojenice.cz\/index.php?rest_route=\/wp\/v2\/pages"}],"about":[{"href":"https:\/\/www.vojenice.cz\/index.php?rest_route=\/wp\/v2\/types\/page"}],"author":[{"embeddable":true,"href":"https:\/\/www.vojenice.cz\/index.php?rest_route=\/wp\/v2\/users\/1"}],"replies":[{"embeddable":true,"href":"https:\/\/www.vojenice.cz\/index.php?rest_route=%2Fwp%2Fv2%2Fcomments&post=100"}],"version-history":[{"count":1,"href":"https:\/\/www.vojenice.cz\/index.php?rest_route=\/wp\/v2\/pages\/100\/revisions"}],"predecessor-version":[{"id":101,"href":"https:\/\/www.vojenice.cz\/index.php?rest_route=\/wp\/v2\/pages\/100\/revisions\/101"}],"wp:attachment":[{"href":"https:\/\/www.vojenice.cz\/index.php?rest_route=%2Fwp%2Fv2%2Fmedia&parent=100"}],"curies":[{"name":"wp","href":"https:\/\/api.w.org\/{rel}","templated":true}]}}