{"id":13,"date":"2013-10-07T21:02:38","date_gmt":"2013-10-07T19:02:38","guid":{"rendered":"http:\/\/www.vojenice.cz\/?page_id=13"},"modified":"2026-03-13T13:38:25","modified_gmt":"2026-03-13T12:38:25","slug":"uzitecne-informace","status":"publish","type":"page","link":"https:\/\/www.vojenice.cz\/?page_id=13","title":{"rendered":"Hl\u00eddka SDH"},"content":{"rendered":"\n<figure class=\"wp-block-table\"><table><tbody><tr><td><strong>13.3.<\/strong> <strong>Novotn\u00fd M\u00edra<\/strong><br><strong>20.3.<\/strong> <strong>Plachetka Josef<\/strong><br><strong>27.3.<\/strong> <strong>Kova\u0159\u00ed\u010dek Tom\u00e1\u0161<\/strong><br><strong>3.4.<\/strong> <strong>Kova\u0159\u00ed\u010dek Ondra<\/strong><br><strong>10.4. <\/strong><strong>Chaloupka Honza<\/strong><br><strong>17.4.<\/strong> <strong>Forejtek Michal<\/strong><br><strong>24.4.<\/strong> <strong>Jirs\u00e1k Karel<\/strong><br><strong>1.5.<\/strong> <strong>Helan Filip<\/strong><br><strong>8.5.<\/strong> <strong>Milan Kalianko<\/strong><br><strong>15.5.<\/strong> <strong>Chrastina Jirka<\/strong><br><strong>22.5.<\/strong> <strong>Novotn\u00fd M\u00edra<\/strong><br><strong>29.5.<\/strong> <strong>Plachetka Josef<\/strong><br><strong>5.6.<\/strong> <strong>Kova\u0159\u00ed\u010dek Tom\u00e1\u0161<\/strong><br><strong>12.6. <\/strong><strong>Kova\u0159\u00ed\u010dek Ondra<\/strong><br><strong>19.6.<\/strong> <strong>Chaloupka Honza<\/strong><br><strong>26.6.<\/strong> <strong>Forejtek Michal<\/strong><br><strong>3.7.<\/strong> <strong>Jirs\u00e1k Karel<\/strong><br><strong>10.7. <\/strong><strong>Helan Filip<\/strong><br><strong>17.7.<\/strong> <strong>Milan Kalianko<\/strong><br><strong>24.7.<\/strong> <strong>Chrastina Jirka<\/strong><br><strong>31.7.<\/strong> <strong>Novotn\u00fd M\u00edra<\/strong><br><strong>7.8.<\/strong> <strong>Plachetka Josef<\/strong><br><strong>14.8. <\/strong><strong>Kova\u0159\u00ed\u010dek Tom\u00e1\u0161<\/strong><br><strong>21.8.<\/strong> <strong>Kova\u0159\u00ed\u010dek Ondra<\/strong><br><strong>28.8.<\/strong> <strong>Chaloupka Honza<\/strong><br><strong>4.9.<\/strong> <strong>Forejtek Michal<\/strong><br><strong>11.9.<\/strong> <strong>Jirs\u00e1k Karel<\/strong><br><strong>18.9.<\/strong> <strong>Helan Filip<\/strong><br><strong>25.9.<\/strong> <strong>Milan Kalianko<\/strong><br><strong>2.10.<\/strong> <strong>Chrastina Jirka<\/strong><br><strong>9.10.<\/strong> <strong>Novotn\u00fd M\u00edra<\/strong><\/td><td><\/td><\/tr><tr><td><\/td><td><\/td><\/tr><\/tbody><\/table><\/figure>\n","protected":false},"excerpt":{"rendered":"<p>13.3. Novotn\u00fd M\u00edra20.3. Plachetka Josef27.3. Kova\u0159\u00ed\u010dek Tom\u00e1\u01613.4. Kova\u0159\u00ed\u010dek Ondra10.4. Chaloupka Honza17.4. Forejtek Michal24.4. Jirs\u00e1k Karel1.5. Helan Filip8.5. Milan Kalianko15.5. Chrastina Jirka22.5. Novotn\u00fd M\u00edra29.5. Plachetka Josef5.6. Kova\u0159\u00ed\u010dek Tom\u00e1\u016112.6. Kova\u0159\u00ed\u010dek Ondra19.6. Chaloupka Honza26.6. Forejtek Michal3.7. Jirs\u00e1k Karel10.7. Helan Filip17.7. Milan Kalianko24.7. Chrastina&hellip; <\/p>\n","protected":false},"author":1,"featured_media":0,"parent":0,"menu_order":4,"comment_status":"closed","ping_status":"closed","template":"","meta":[],"_links":{"self":[{"href":"https:\/\/www.vojenice.cz\/index.php?rest_route=\/wp\/v2\/pages\/13"}],"collection":[{"href":"https:\/\/www.vojenice.cz\/index.php?rest_route=\/wp\/v2\/pages"}],"about":[{"href":"https:\/\/www.vojenice.cz\/index.php?rest_route=\/wp\/v2\/types\/page"}],"author":[{"embeddable":true,"href":"https:\/\/www.vojenice.cz\/index.php?rest_route=\/wp\/v2\/users\/1"}],"replies":[{"embeddable":true,"href":"https:\/\/www.vojenice.cz\/index.php?rest_route=%2Fwp%2Fv2%2Fcomments&post=13"}],"version-history":[{"count":56,"href":"https:\/\/www.vojenice.cz\/index.php?rest_route=\/wp\/v2\/pages\/13\/revisions"}],"predecessor-version":[{"id":247,"href":"https:\/\/www.vojenice.cz\/index.php?rest_route=\/wp\/v2\/pages\/13\/revisions\/247"}],"wp:attachment":[{"href":"https:\/\/www.vojenice.cz\/index.php?rest_route=%2Fwp%2Fv2%2Fmedia&parent=13"}],"curies":[{"name":"wp","href":"https:\/\/api.w.org\/{rel}","templated":true}]}}